{"id":2,"date":"2024-11-24T22:38:59","date_gmt":"2024-11-24T22:38:59","guid":{"rendered":"http:\/\/eslosolucionesymas.com\/?page_id=2"},"modified":"2024-12-26T03:55:01","modified_gmt":"2024-12-26T03:55:01","slug":"sample-page","status":"publish","type":"page","link":"https:\/\/eslosolucionesymas.com\/?page_id=2","title":{"rendered":"Quienes somos"},"content":{"rendered":"\t\t<div data-elementor-type=\"wp-page\" data-elementor-id=\"2\" class=\"elementor elementor-2\">\n\t\t\t\t<div class=\"elementor-element elementor-element-6830b72f e-flex e-con-boxed e-con e-parent\" data-id=\"6830b72f\" data-element_type=\"container\">\n\t\t\t\t\t<div class=\"e-con-inner\">\n\t\t\t\t<div class=\"elementor-element elementor-element-1e8e0859 elementor-widget elementor-widget-text-editor\" data-id=\"1e8e0859\" data-element_type=\"widget\" data-widget_type=\"text-editor.default\">\n\t\t\t\t<div class=\"elementor-widget-container\">\n\t\t\t\t\t\t\t\t\t<p>Misi\u00f3n&nbsp;<\/p>\n<p><!-- \/wp:paragraph --><!-- wp:quote --><\/p>\n<blockquote>\n<p><!-- wp:paragraph --><\/p>\n<p>&#8220;La misi\u00f3n de nuestra empresa es utilizar la innovaci\u00f3n y la tecnolog\u00eda para mejorar la vida de las personas, simplificar procesos y potenciar el crecimiento de la comunidad.&#8221;<\/p>\n<p><!-- \/wp:paragraph --><\/p>\n<\/blockquote>\n<p><!-- \/wp:quote --><!-- wp:paragraph --><\/p>\n<p>Visi\u00f3n&nbsp;<\/p>\n<p><!-- \/wp:paragraph --><!-- wp:quote --><\/p>\n<blockquote>\n<p><!-- wp:paragraph --><\/p>\n<p>&#8220;Nuestra visi\u00f3n es ser l\u00edderes reconocidos en el desarrollo y la implementaci\u00f3n de tecnolog\u00edas innovadoras que generen un impacto positivo en la sociedad.<span style=\"font-size: 22.4999px; color: var(--dt-secondary-color); font-family: var( --e-global-typography-text-font-family ), Sans-serif; text-align: var(--text-align); font-style: inherit; text-transform: inherit;\">&#8220;<\/span><\/p>\n<p><!-- \/wp:paragraph --><\/p>\n<\/blockquote>\n<p><!-- \/wp:quote --><!-- wp:paragraph --><\/p>\n<p><\/p>\n<p><!-- \/wp:paragraph --><\/p>\t\t\t\t\t\t\t\t<\/div>\n\t\t\t\t<\/div>\n\t\t\t\t\t<\/div>\n\t\t\t\t<\/div>\n\t\t\t\t<\/div>\n\t\t","protected":false},"excerpt":{"rendered":"<p>Misi\u00f3n&nbsp; &#8220;La misi\u00f3n de nuestra empresa es utilizar la innovaci\u00f3n y la tecnolog\u00eda para mejorar la vida de las personas, simplificar procesos y potenciar el crecimiento de la comunidad.&#8221; Visi\u00f3n&nbsp;..<\/p>\n","protected":false},"author":1,"featured_media":0,"parent":0,"menu_order":0,"comment_status":"closed","ping_status":"closed","template":"","meta":{"footnotes":""},"class_list":["post-2","page","type-page","status-publish","hentry"],"_links":{"self":[{"href":"https:\/\/eslosolucionesymas.com\/index.php?rest_route=\/wp\/v2\/pages\/2","targetHints":{"allow":["GET"]}}],"collection":[{"href":"https:\/\/eslosolucionesymas.com\/index.php?rest_route=\/wp\/v2\/pages"}],"about":[{"href":"https:\/\/eslosolucionesymas.com\/index.php?rest_route=\/wp\/v2\/types\/page"}],"author":[{"embeddable":true,"href":"https:\/\/eslosolucionesymas.com\/index.php?rest_route=\/wp\/v2\/users\/1"}],"replies":[{"embeddable":true,"href":"https:\/\/eslosolucionesymas.com\/index.php?rest_route=%2Fwp%2Fv2%2Fcomments&post=2"}],"version-history":[{"count":9,"href":"https:\/\/eslosolucionesymas.com\/index.php?rest_route=\/wp\/v2\/pages\/2\/revisions"}],"predecessor-version":[{"id":128,"href":"https:\/\/eslosolucionesymas.com\/index.php?rest_route=\/wp\/v2\/pages\/2\/revisions\/128"}],"wp:attachment":[{"href":"https:\/\/eslosolucionesymas.com\/index.php?rest_route=%2Fwp%2Fv2%2Fmedia&parent=2"}],"curies":[{"name":"wp","href":"https:\/\/api.w.org\/{rel}","templated":true}]}}